{"id":66,"date":"2019-10-30T00:48:11","date_gmt":"2019-10-29T23:48:11","guid":{"rendered":"http:\/\/localhost\/testVGSoft\/?page_id=66"},"modified":"2022-11-13T11:47:12","modified_gmt":"2022-11-13T10:47:12","slug":"servizi","status":"publish","type":"page","link":"https:\/\/vgsoft.it\/en\/servizi\/","title":{"rendered":"Services"},"content":{"rendered":"<p>[et_pb_section fb_built=&#8221;1&#8243; fullwidth=&#8221;on&#8221; admin_label=&#8221;Hero Section&#8221; _builder_version=&#8221;4.19.0&#8243; min_height=&#8221;414px&#8221; height=&#8221;414px&#8221; max_height=&#8221;414px&#8221; global_colors_info=&#8221;{}&#8221;][et_pb_fullwidth_header title=&#8221;VGSoft srl&#8221; subhead=&#8221;Servizi&#8221; _builder_version=&#8221;4.19.0&#8243; background_image=&#8221;https:\/\/vgsoft.it\/wp-content\/uploads\/2022\/11\/helloquence-5fNmWej4tAA-unsplash_1840x1228.jpg&#8221; custom_padding=&#8221;8%||0px||false|false&#8221; hover_enabled=&#8221;0&#8243; button_one_text_color_hover=&#8221;#edbb5f&#8221; button_two_text_color_hover=&#8221;#edbb5f&#8221; button_one_bg_color_hover=&#8221;rgba(0,0,0,0)&#8221; button_two_bg_color_hover=&#8221;rgba(0,0,0,0)&#8221; global_colors_info=&#8221;{}&#8221; sticky_enabled=&#8221;0&#8243;]<\/p>\n<p>Una breve descrizione dei nostri servizi<\/p>\n<p>[\/et_pb_fullwidth_header][\/et_pb_section][et_pb_section fb_built=&#8221;1&#8243; admin_label=&#8221;Attributes&#8221; _builder_version=&#8221;4.16&#8243; custom_margin=&#8221;|||&#8221; custom_padding=&#8221;79px|0px|100px|0px||&#8221; global_colors_info=&#8221;{}&#8221;][et_pb_row _builder_version=&#8221;4.16&#8243; custom_padding=&#8221;27px|0px|27px|0px&#8221; global_colors_info=&#8221;{}&#8221;][et_pb_column type=&#8221;4_4&#8243; _builder_version=&#8221;4.16&#8243; global_colors_info=&#8221;{}&#8221;][et_pb_text _builder_version=&#8221;4.16&#8243; global_colors_info=&#8221;{}&#8221;]<\/p>\n<h1>MODERNIZZAZIONE APPLICATIVI PER IBM I<\/h1>\n<p>[\/et_pb_text][\/et_pb_column][\/et_pb_row][et_pb_row _builder_version=&#8221;4.16&#8243; global_colors_info=&#8221;{}&#8221;][et_pb_column type=&#8221;4_4&#8243; _builder_version=&#8221;4.16&#8243; global_colors_info=&#8221;{}&#8221;][et_pb_text _builder_version=&#8221;4.16&#8243; global_colors_info=&#8221;{}&#8221;]<\/p>\n<p><span>VGSoft realizza progetti di modernizzazione per applicativi legacy su ibm i,\u00a0scritti in RPG\u00a0o in\u00a0COBOL (sia OPM che ILE) con l&#8217;ausilio della Suite di Modernizzazione Webgate400. Sono diverse le esperienze maturate negli anni\u00a0e gli applicativi modernizzati, come sono di diverso tipo i progetti affrontati.<\/span><\/p>\n<p>[\/et_pb_text][\/et_pb_column][\/et_pb_row][et_pb_row _builder_version=&#8221;4.16&#8243; global_colors_info=&#8221;{}&#8221;][et_pb_column type=&#8221;4_4&#8243; _builder_version=&#8221;4.16&#8243; global_colors_info=&#8221;{}&#8221;][et_pb_text _builder_version=&#8221;4.16&#8243; global_colors_info=&#8221;{}&#8221;]<\/p>\n<p><span>Alcuni dei punti cardine su cui si basano questi progetti:<\/span><\/p>\n<ul>\n<li><span>Project Preparation<\/span>\n<ul>\n<li><span>Rilevazione e preparazione documentazione dell&#8217;infrastruttura tecnologica dell&#8217;applicativo legacy<\/span><\/li>\n<li><span>Preparazione del prototipo per quantificare il progetto e per capire gli elementi grafici\/migliorie standard da applicare<\/span><\/li>\n<li><span>Definizione team di progetto: competenze e responsabilit\u00e0 di ogni componente il Team di progetto<\/span><\/li>\n<li><span>Definizione handbook di progetto: &#8220;chi fa cosa&#8221;:\u00a0definizione delle regole e degli strumenti di governo e di comunicazione che devono essere utilizzati durante l&#8217;intera durata del progetto<\/span><\/li>\n<li><span>Definizione nel &#8220;Converter Control&#8221; di webgate400 (Progetti di Conversione in base ai moduli applicativi che si vuole modernizzare)<\/span><\/li>\n<li><span>Conversione &#8220;di massa&#8221; per test di primo livello da parte degli utenti chiave: Rilevazione eventuali problemi tecnici su fase di conversione<\/span><\/li>\n<li><span>Definizione elementi grafici standard da applicare<\/span><\/li>\n<li><span>Determinazione quantitativa formati da modernizzare. La rilevazione dovr\u00e0 distinguere pi\u00f9 modalit\u00e0 di modernizzazione.<\/span><\/li>\n<li><span>Determinazione tipo di Architettura di base: men\u00f9\/sistemi informativi\/lingue ecc.<\/span><\/li>\n<li><span>Definizione dei moduli e rispettive tempistiche di rilascio<\/span><\/li>\n<li><span>Approvazione del documento di Progetto redatto e predisposizione Milestones di Fase<\/span><\/li>\n<\/ul>\n<\/li>\n<li><span>SviluppoTesting\u00a0<\/span>\n<ul>\n<li><span>Formazione su Webgate400 al personale tecnico coinvolto nel progetto (per processi di conversione).<\/span><\/li>\n<li><span>Studio di fattibilit\u00e0 per la realizzazione tool di conversione di massa<\/span><\/li>\n<li><span>Conversione &#8220;di massa&#8221;: Azioni correttive su situazioni anomale da conversione di massa che richiedano la correzione di programmi.<\/span><\/li>\n<li><span>Integrazione manuale componenti grafici (in funzione a tipologia di Modernizzazione).<\/span><\/li>\n<li><span>Configurazione architettura e realizzazione eventuali configurazioni\/moduli di integrazione tra le architetture<\/span><\/li>\n<\/ul>\n<\/li>\n<li><span>Rilascio<\/span><\/li>\n<\/ul>\n<p>[\/et_pb_text][\/et_pb_column][\/et_pb_row][\/et_pb_section][et_pb_section fb_built=&#8221;1&#8243; admin_label=&#8221;Team&#8221; _builder_version=&#8221;4.16&#8243; background_color=&#8221;#282828&#8243; custom_padding=&#8221;100px|0px|99px|0px&#8221; global_colors_info=&#8221;{}&#8221;][et_pb_row _builder_version=&#8221;4.16&#8243; custom_padding=&#8221;27px|0px|27px|0px&#8221; global_colors_info=&#8221;{}&#8221;][et_pb_column type=&#8221;4_4&#8243; _builder_version=&#8221;4.16&#8243; custom_padding=&#8221;|||&#8221; global_colors_info=&#8221;{}&#8221; custom_padding__hover=&#8221;|||&#8221;][et_pb_text _builder_version=&#8221;4.16&#8243; text_font=&#8221;||||||||&#8221; header_font=&#8221;||||||||&#8221; header_2_font=&#8221;Playfair Display|700|||||||&#8221; header_2_font_size=&#8221;38px&#8221; header_2_letter_spacing=&#8221;1px&#8221; header_2_line_height=&#8221;1.4em&#8221; header_3_font=&#8221;Poppins|700||on|||||&#8221; header_3_text_color=&#8221;#edbb5f&#8221; header_3_font_size=&#8221;14px&#8221; header_3_letter_spacing=&#8221;1px&#8221; header_3_line_height=&#8221;2em&#8221; text_orientation=&#8221;center&#8221; background_layout=&#8221;dark&#8221; max_width=&#8221;7000px&#8221; locked=&#8221;off&#8221; global_colors_info=&#8221;{}&#8221;]<\/p>\n<h2>Partner Program<\/h2>\n<p>[\/et_pb_text][et_pb_divider color=&#8221;#edbb5f&#8221; divider_weight=&#8221;2px&#8221; _builder_version=&#8221;4.16&#8243; max_width=&#8221;60px&#8221; module_alignment=&#8221;center&#8221; height=&#8221;2px&#8221; locked=&#8221;off&#8221; global_colors_info=&#8221;{}&#8221;][\/et_pb_divider][\/et_pb_column][\/et_pb_row][et_pb_row _builder_version=&#8221;4.16&#8243; global_colors_info=&#8221;{}&#8221;][et_pb_column type=&#8221;4_4&#8243; _builder_version=&#8221;4.16&#8243; custom_padding=&#8221;|||&#8221; global_colors_info=&#8221;{}&#8221; custom_padding__hover=&#8221;|||&#8221;][et_pb_image src=&#8221;https:\/\/vgsoft.it\/wp-content\/uploads\/2022\/11\/PartnerProgram.jpg&#8221; title_text=&#8221;PartnerProgram&#8221; align=&#8221;center&#8221; force_fullwidth=&#8221;on&#8221; _builder_version=&#8221;4.19.0&#8243; global_colors_info=&#8221;{}&#8221;][\/et_pb_image][\/et_pb_column][\/et_pb_row][et_pb_row _builder_version=&#8221;4.16&#8243; custom_padding=&#8221;27px|0px|27px|0px&#8221; global_colors_info=&#8221;{}&#8221;][et_pb_column type=&#8221;4_4&#8243; _builder_version=&#8221;4.16&#8243; custom_padding=&#8221;|||&#8221; global_colors_info=&#8221;{}&#8221; custom_padding__hover=&#8221;|||&#8221;][et_pb_text _builder_version=&#8221;4.16&#8243; text_font=&#8221;||||||||&#8221; header_font=&#8221;||||||||&#8221; header_2_font=&#8221;Playfair Display|700|||||||&#8221; header_2_font_size=&#8221;38px&#8221; header_2_letter_spacing=&#8221;1px&#8221; header_2_line_height=&#8221;1.4em&#8221; header_3_font=&#8221;Poppins|700||on|||||&#8221; header_3_text_color=&#8221;#edbb5f&#8221; header_3_font_size=&#8221;14px&#8221; header_3_letter_spacing=&#8221;1px&#8221; header_3_line_height=&#8221;2em&#8221; text_orientation=&#8221;center&#8221; background_layout=&#8221;dark&#8221; max_width=&#8221;7000px&#8221; locked=&#8221;off&#8221; global_colors_info=&#8221;{}&#8221;]<\/p>\n<h2><span>VGSoft\u00a0<strong>cerca partner o rivenditori\u00a0<\/strong><\/span><span>orientati verso\u00a0la piattaforma AS\/400 &#8211; Ibm i.<\/span><\/h2>\n<p>[\/et_pb_text][et_pb_divider color=&#8221;#edbb5f&#8221; divider_weight=&#8221;2px&#8221; _builder_version=&#8221;4.16&#8243; max_width=&#8221;60px&#8221; module_alignment=&#8221;center&#8221; height=&#8221;2px&#8221; locked=&#8221;off&#8221; global_colors_info=&#8221;{}&#8221;][\/et_pb_divider][\/et_pb_column][\/et_pb_row][et_pb_row _builder_version=&#8221;4.16&#8243; custom_margin=&#8221;|||&#8221; custom_padding=&#8221;|||&#8221; custom_width_px=&#8221;1440px&#8221; global_colors_info=&#8221;{}&#8221;][et_pb_column type=&#8221;4_4&#8243; _builder_version=&#8221;4.16&#8243; custom_padding=&#8221;|||&#8221; global_colors_info=&#8221;{}&#8221; custom_padding__hover=&#8221;|||&#8221;][et_pb_text _builder_version=&#8221;4.16&#8243; text_font=&#8221;||||||||&#8221; text_text_color=&#8221;#ffffff&#8221; text_font_size=&#8221;18px&#8221; text_line_height=&#8221;2em&#8221; header_text_color=&#8221;#edbb5f&#8221; header_font_size=&#8221;44px&#8221; min_height=&#8221;209px&#8221; custom_padding=&#8221;20px|||||&#8221; global_colors_info=&#8221;{}&#8221;]<\/p>\n<h1>WEBGATE400\/Power-b<\/h1>\n<p>Quali sono i partner che cerchiamo per Webgate400\/Power-b:<\/p>\n<ul>\n<li>Software House\/Consulenti che hanno soluzioni software proprietarie (RPG\/COBOL e &#8220;green screen&#8221;) e che vogliono (o sono costretti dal mercato) modernizzarle. Il compito di VGSoft in questo caso \u00e8 di avvicinare queste realt\u00e0 alla suite Webgate400 e ritornare competitivi anche con il mondo Open.<\/li>\n<li>Software House, System Integrator o Consulenti che non hanno soluzioni software proprietarie ma che lavorano direttamente presso i clienti (ad es. a progetto\/commessa, su software di terzi o di propriet\u00e0 dei clienti stessi) e che intravedono in Webgate400 la possibilit\u00e0 di soddisfare maggiormente le aspettative del cliente e, nel contempo, di crearsi pi\u00f9 lavoro.<\/li>\n<\/ul>\n<p>[\/et_pb_text][\/et_pb_column][\/et_pb_row][et_pb_row _builder_version=&#8221;4.16&#8243; custom_margin=&#8221;|||&#8221; custom_padding=&#8221;|||&#8221; custom_width_px=&#8221;1440px&#8221; global_colors_info=&#8221;{}&#8221;][et_pb_column type=&#8221;4_4&#8243; _builder_version=&#8221;4.16&#8243; custom_padding=&#8221;|||&#8221; global_colors_info=&#8221;{}&#8221; custom_padding__hover=&#8221;|||&#8221;][et_pb_text _builder_version=&#8221;4.16&#8243; text_text_color=&#8221;#ffffff&#8221; text_font_size=&#8221;18px&#8221; text_line_height=&#8221;1.6em&#8221; header_text_color=&#8221;#edbb5f&#8221; header_font_size=&#8221;40px&#8221; min_height=&#8221;209px&#8221; custom_padding=&#8221;20px|||||&#8221; global_colors_info=&#8221;{}&#8221;]<\/p>\n<h1><span>G&amp;A<\/span><\/h1>\n<p><span>VGSoft cerca partnership con Software House o Consulenti che hanno una soluzione gestionale (general o verticale, proprietaria o di terzi) ma\u00a0<strong>non hanno un modulo contabile proprietario<\/strong>\u00a0(o, anche se di terzi, di cui hanno il controllo). Sono quindi realt\u00e0 che per la parte contabile nel tempo hanno adottato prodotti anche molto diffusi (ad es.\u00a0la Contabilit\u00e0\u00a0ACG<sup>(r)<\/sup>, ma\u00a0l&#8217;elenco \u00e8 lungo)\u00a0e oggi, anche per proteggere il cliente da intrusioni di grossi produttori di software, hanno bisogno di un prodotto contabile altrettanto valido (o per certi aspetti anche\u00a0pi\u00f9 valido) che gli garantisca di concentrarsi sulla\u00a0propria soluzione gestionale (e nei rapporti con il cliente) senza rischi di interferenze esterne.<\/span><\/p>\n<p><span>Questi Partner\u00a0fondamentalmente possono essere\u00a0classificati\u00a0in due macro categorie:<\/span><\/p>\n<ul>\n<li><span>Partner\u00a0che non ha\u00a0in casa la competenza per assistere direttamente i clienti contabili e non vuole (o non pu\u00f2) crearsela: VGSoft oltre al prodotto contabile G&amp;A\u00a0offre anche una consulenza a\u00a0tutto tondo\u00a0nell&#8217;ambito contabile e si dimostra un partner non invasivo ma qualificato con un&#8217;esperienza ultra ventennale in materia. Il Partner continua ad essere l&#8217;attore principale con i propri clienti. VGSoft pu\u00f2 fornire direttamente ai clienti\u00a0seguiti dal\u00a0Partner:<\/span>\n<ul>\n<li><span>il prodotto contabile G&amp;A<\/span><\/li>\n<li><span>la migrazione dei dati dal precedente applicativo (anagrafiche, movimenti contabili, iva, portafoglio effetti, pagamenti, ecc.)<\/span><\/li>\n<li><span>la formazione\u00a0agli utenti<\/span><\/li>\n<li><span>l&#8217;assistenza di primo e secondo livello (attraverso il suo Help-Desk e con il rapporto diretto con i responsabili di progetto)<\/span><\/li>\n<li><span>l&#8217;assistenza tecnico-normativa<\/span><\/li>\n<li><span>le modifiche (personalizzazioni) in base alle esigenze maturate del cliente.<\/span><\/li>\n<li><span>tutte le implementazioni per le modifiche normative che riguardano\u00a0il software contabilite G&amp;A<\/span><\/li>\n<\/ul>\n<\/li>\n<li><span>Partner che invece hanno la competenza per assistere direttamente i clienti contabili e vogliono risultare come unico fornitore del cliente in ambito gestionale e contabile.<br \/> VGSoft\u00a0avr\u00e0 rapporti diretti con i clienti seguiti dal Partner (se non su richiesta espressa del Partner stesso).<br \/> VGSoft\u00a0fornir\u00e0 al partner:<\/span>\n<ul>\n<li><span>il prodotto contabile G&amp;A, sia ad uso interno che da distribuire<\/span><\/li>\n<li><span>la\u00a0formazione al personale del partner che effettuer\u00e0 l&#8217;assistenza<\/span><\/li>\n<li><span>l&#8217;assistenza di secondo\u00a0livello e, nel caso in cui ce ne fosse il bisogno, anche un assistenza di terzo livello direttamente al cliente.<\/span><\/li>\n<\/ul>\n<\/li>\n<\/ul>\n<p><span>VGSoft e il Partner\u00a0creeranno tutte le interfacce necessarie ad uniformare il pi\u00f9 possibile la procedura contabile con quella gestionale (angrafiche, tabelle, conti, ecc.).<\/span><\/p>\n<p>[\/et_pb_text][\/et_pb_column][\/et_pb_row][et_pb_row _builder_version=&#8221;4.16&#8243; global_colors_info=&#8221;{}&#8221;][et_pb_column type=&#8221;4_4&#8243; _builder_version=&#8221;4.16&#8243; global_colors_info=&#8221;{}&#8221;][et_pb_button button_url=&#8221;@ET-DC@eyJkeW5hbWljIjp0cnVlLCJjb250ZW50IjoicG9zdF9saW5rX3VybF9wYWdlIiwic2V0dGluZ3MiOnsicG9zdF9pZCI6Ijg3In19@&#8221; button_text=&#8221;Contatta VGSoft!&#8221; button_alignment=&#8221;center&#8221; _builder_version=&#8221;4.16&#8243; _dynamic_attributes=&#8221;button_url&#8221; custom_button=&#8221;on&#8221; button_text_size=&#8221;59px&#8221; button_text_color=&#8221;#ffffff&#8221; global_colors_info=&#8221;{}&#8221;][\/et_pb_button][\/et_pb_column][\/et_pb_row][\/et_pb_section][et_pb_section fb_built=&#8221;1&#8243; admin_label=&#8221;Contact&#8221; _builder_version=&#8221;4.16&#8243; background_image=&#8221;http:\/\/localhost\/testVGSoft\/wp-content\/uploads\/2019\/11\/consutant-03.jpg&#8221; custom_margin=&#8221;|||&#8221; custom_padding=&#8221;0px|0px|0px|0px&#8221; box_shadow_style=&#8221;preset7&#8243; box_shadow_horizontal=&#8221;0px&#8221; box_shadow_vertical=&#8221;80px&#8221; box_shadow_color=&#8221;#ffffff&#8221; global_colors_info=&#8221;{}&#8221;][\/et_pb_section]<\/p>\n","protected":false},"excerpt":{"rendered":"<p>Una breve descrizione dei nostri serviziMODERNIZZAZIONE APPLICATIVI PER IBM IVGSoft realizza progetti di modernizzazione per applicativi legacy su ibm i,\u00a0scritti in RPG\u00a0o in\u00a0COBOL (sia OPM che ILE) con l&#8217;ausilio della Suite di Modernizzazione Webgate400. Sono diverse le esperienze maturate negli anni\u00a0e gli applicativi modernizzati, come sono di diverso tipo i progetti affrontati.Alcuni dei punti cardine [&hellip;]<\/p>\n","protected":false},"author":1,"featured_media":0,"parent":0,"menu_order":0,"comment_status":"closed","ping_status":"closed","template":"","meta":{"_et_pb_use_builder":"on","_et_pb_old_content":"<!-- wp:heading -->\n<h2> Una breve descrizione dei nostri servizi <\/h2>\n<!-- \/wp:heading -->\n\n<!-- wp:heading {\"level\":3} -->\n<h3>CONTABILIT\u00c0 BASE<\/h3>\n<!-- \/wp:heading -->\n\n<!-- wp:paragraph -->\n<p>Per chi demanda la propria contabilit\u00e0 aziendale interamente allo studio del commercialista (o comunque ad un professionista abilitato) rimane sempre la necessit\u00e0 di gestire almeno incassi e pagamenti (quindi clienti e fornitori) e di avere comunque sott'occhio l'andamento dell'azienda. VGSoft offre, a condizioni assolutamente interessanti, un supporto a queste realt\u00e0 mettendo a disposizione alcuni moduli dell'applicativo G&amp;A.<\/p>\n<!-- \/wp:paragraph -->\n\n<!-- wp:image {\"id\":67} -->\n<figure class=\"wp-block-image\"><img src=\"http:\/\/localhost\/testVGSoft\/wp-content\/uploads\/2019\/10\/gea_logo_500x330.png\" alt=\"\" class=\"wp-image-67\"\/><\/figure>\n<!-- \/wp:image -->\n\n<!-- wp:paragraph -->\n<p>La possibilit\u00e0 di realizzare interfacce specifiche per l'acquisizione di flussi telematici, o anche semplici file di interscambio (excel, csv, ecc.) velocizza e semplifica le attivit\u00e0 su G&amp;A (ad esempio Contabilizzazione Fatture da proprio gestionale) ed evita di dover imputare pi\u00f9 volte le stesse informazioni (ad es. anagrafiche, fatture, ecc.).<\/p>\n<!-- \/wp:paragraph -->\n\n<!-- wp:paragraph -->\n<p>La soluzione \u00e8 estremamente granulare e permette ai clienti di collegarsi via Internet ai nostri sistemi senza necessariamente avere una infrastruttura informatica (basta un PC ed una normale linea ADSL).<\/p>\n<!-- \/wp:paragraph -->\n\n<!-- wp:paragraph -->\n<p>Con la possibilit\u00e0 di acquisire digitalmente anche i documenti contabili (sia attivi che passivi) e collegarli direttamente alle scritture (o tramite flusso telematico) non \u00e8 pi\u00f9 necessario archiviare internamente copia dei documenti che si consegneranno al commercialista perch\u00e8 assolva alle proprie mansioni.<\/p>\n<!-- \/wp:paragraph -->\n\n<!-- wp:heading -->\n<h2> FINANCE CONSULTING <\/h2>\n<!-- \/wp:heading -->\n\n<!-- wp:paragraph -->\n<p>Consulenza in ambito contabile per aziende: spesso le aziende PMI danno pi\u00f9 importanza alla produzione o alla commercializzazione dei propri prodotti e lasciano agli studi professionali (commercialisti o ragionieri) tutta la gestione della contabilit\u00e0, impiegando una o pi\u00f9 figure interne al caricamento dei documenti o al passaggio delle carte verso lo studio professionale; al massimo vengono gestiti internamente pagamenti verso i fornitori e gli incassi dai clienti. Questo \u00e8 assolutamente comprensible ma spesso non fa percepire agli imprenditori il \"polso\" della situazione economica in cui versa l'azienda (mai come in questi anni \u00e8 fondamentale avere esattamente sotto controllo i conti). VGSoft, attraverso dei professionisti contabili, supporta le aziende a crearsi una \"cultura contabile\" oppure pi\u00f9 semplicemente offre consulente contabili specialistiche per aiutare le aziende che hanno gi\u00e0 una \"cultura contabile\". L'ausilio degli strumenti informatici prodotti o rivenduti da VGSoft (erogati magari anche via cloud) permettono all'azienda di non investire pesanti somme in Infrastruttura Informatica e in Software, ma permettono alle aziende di investire il \"giusto\" per gestire una buona contabilit\u00e0. <\/p>\n<!-- \/wp:paragraph -->\n\n<!-- wp:heading -->\n<h2> MODERNIZZAZIONE APPLICATIVI PER IBM I <\/h2>\n<!-- \/wp:heading -->\n\n<!-- wp:paragraph -->\n<p>VGSoft realizza progetti di modernizzazione per applicativi legacy su ibm i, scritti in RPG o in COBOL (sia OPM che ILE) con l'ausilio della Suite di Modernizzazione Webgate400. Sono diverse le esperienze maturate negli anni e gli applicativi modernizzati, come sono di diverso tipo i progetti affrontati.<\/p>\n<!-- \/wp:paragraph -->\n\n<!-- wp:paragraph -->\n<p>Alcuni dei punti cardine su cui si basano questi progetti:<\/p>\n<!-- \/wp:paragraph -->\n\n<!-- wp:paragraph -->\n<p>Project Preparation<br>\nRilevazione e preparazione documentazione dell'infrastruttura tecnologica dell'applicativo legacy<br>\nPreparazione del prototipo per quantificare il progetto e per capire gli elementi grafici\/migliorie standard da applicare<br>\nDefinizione team di progetto: competenze e responsabilit\u00e0 di ogni componente il Team di progetto<br>\nDefinizione handbook di progetto: \"chi fa cosa\": definizione delle regole e degli strumenti di governo e di comunicazione che devono essere utilizzati durante l'intera durata del progetto<br>\nDefinizione nel \"Converter Control\" di webgate400 (Progetti di Conversione in base ai moduli applicativi che si vuole modernizzare)<br>\nConversione \"di massa\" per test di primo livello da parte degli utenti chiave: Rilevazione eventuali problemi tecnici su fase di conversione<br>\nDefinizione elementi grafici standard da applicare<br>\nDeterminazione quantitativa formati da modernizzare. La rilevazione dovr\u00e0 distinguere pi\u00f9 modalit\u00e0 di modernizzazione.<br>\nDeterminazione tipo di Architettura di base: men\u00f9\/sistemi informativi\/lingue ecc.<br>\nDefinizione dei moduli e rispettive tempistiche di rilascio<br>\nApprovazione del documento di Progetto redatto e predisposizione Milestones di Fase<br>\nSviluppoTesting <br>\nFormazione su Webgate400 al personale tecnico coinvolto nel progetto (per processi di conversione).<br>\nStudio di fattibilit\u00e0 per la realizzazione tool di conversione di massa<br>\nConversione \"di massa\": Azioni correttive su situazioni anomale da conversione di massa che richiedano la correzione di programmi.<br>\nIntegrazione manuale componenti grafici (in funzione a tipologia di Modernizzazione).<br>\nConfigurazione architettura e realizzazione eventuali configurazioni\/moduli di integrazione tra le architetture<br>\nRilascio<\/p>\n<!-- \/wp:paragraph -->","_et_gb_content_width":"","footnotes":""},"class_list":["post-66","page","type-page","status-publish","hentry"],"_links":{"self":[{"href":"https:\/\/vgsoft.it\/en\/wp-json\/wp\/v2\/pages\/66","targetHints":{"allow":["GET"]}}],"collection":[{"href":"https:\/\/vgsoft.it\/en\/wp-json\/wp\/v2\/pages"}],"about":[{"href":"https:\/\/vgsoft.it\/en\/wp-json\/wp\/v2\/types\/page"}],"author":[{"embeddable":true,"href":"https:\/\/vgsoft.it\/en\/wp-json\/wp\/v2\/users\/1"}],"replies":[{"embeddable":true,"href":"https:\/\/vgsoft.it\/en\/wp-json\/wp\/v2\/comments?post=66"}],"version-history":[{"count":5,"href":"https:\/\/vgsoft.it\/en\/wp-json\/wp\/v2\/pages\/66\/revisions"}],"predecessor-version":[{"id":47236,"href":"https:\/\/vgsoft.it\/en\/wp-json\/wp\/v2\/pages\/66\/revisions\/47236"}],"wp:attachment":[{"href":"https:\/\/vgsoft.it\/en\/wp-json\/wp\/v2\/media?parent=66"}],"curies":[{"name":"wp","href":"https:\/\/api.w.org\/{rel}","templated":true}]}}