{"id":46962,"date":"2022-10-31T12:26:48","date_gmt":"2022-10-31T11:26:48","guid":{"rendered":"https:\/\/vgsoft.it\/?page_id=46962"},"modified":"2022-11-13T12:52:58","modified_gmt":"2022-11-13T11:52:58","slug":"power-b-smart-responsive-r10","status":"publish","type":"page","link":"https:\/\/vgsoft.it\/en\/power-b-smart-responsive-r10\/","title":{"rendered":"power-B smart responsive R10"},"content":{"rendered":"<p>[et_pb_section fb_built=&#8221;1&#8243; fullwidth=&#8221;on&#8221; admin_label=&#8221;Hero Section&#8221; _builder_version=&#8221;4.16&#8243; global_colors_info=&#8221;{}&#8221;][et_pb_fullwidth_header title=&#8221;Power-B smart responsive R10&#8243; subhead=&#8221;porta TUTTO il tuo gestionale sul web&#8221; _builder_version=&#8221;4.19.0&#8243; background_image=&#8221;https:\/\/vgsoft.it\/wp-content\/uploads\/2022\/11\/power-B_Brochure_01.png&#8221; parallax=&#8221;off&#8221; background_position=&#8221;bottom_center&#8221; background_vertical_offset=&#8221;64%&#8221; custom_padding=&#8221;8%||12px|||&#8221; hover_enabled=&#8221;0&#8243; button_one_text_color_hover=&#8221;#edbb5f&#8221; button_two_text_color_hover=&#8221;#edbb5f&#8221; button_one_bg_color_hover=&#8221;rgba(0,0,0,0)&#8221; button_two_bg_color_hover=&#8221;rgba(0,0,0,0)&#8221; global_colors_info=&#8221;{}&#8221; sticky_enabled=&#8221;0&#8243;]<\/p>\n<p>Scopri le novit\u00e0 di power-B smart responsive, il client web (desktop o mobile) della suite Webgate400.<\/p>\n<p>[\/et_pb_fullwidth_header][\/et_pb_section][et_pb_section fb_built=&#8221;1&#8243; admin_label=&#8221;Introduction&#8221; _builder_version=&#8221;4.16&#8243; custom_margin=&#8221;|||&#8221; custom_padding=&#8221;100px|0px|100px|0px&#8221; global_colors_info=&#8221;{}&#8221;][et_pb_row column_structure=&#8221;1_2,1_2&#8243; use_custom_gutter=&#8221;on&#8221; gutter_width=&#8221;4&#8243; _builder_version=&#8221;4.19.0&#8243; global_colors_info=&#8221;{}&#8221;][et_pb_column type=&#8221;1_2&#8243; _builder_version=&#8221;4.16&#8243; custom_padding=&#8221;|||&#8221; global_colors_info=&#8221;{}&#8221; custom_padding__hover=&#8221;|||&#8221;][et_pb_text _builder_version=&#8221;4.19.0&#8243; text_font=&#8221;Poppins||||||||&#8221; text_font_size=&#8221;16px&#8221; text_letter_spacing=&#8221;1px&#8221; text_line_height=&#8221;2em&#8221; max_width=&#8221;613px&#8221; custom_margin=&#8221;|0px|||false|false&#8221; custom_padding=&#8221;|0px||32px||&#8221; global_colors_info=&#8221;{}&#8221;]<\/p>\n<div>Webgate400 \u00e8 la suite pi\u00f9 diffusa in Italia per la modernizzazione delle applicazioni RPG\/COBOL su piattaforma \u201cIBM i\u201d. Questo grazie anche alla capillare rete di rivenditori che ogni giorno eroga applicazioni, ma soprattutto intere soluzioni gestionali, utilizzando le interfacce grafiche e gli Add-On di Webgate400.<\/div>\n<div><\/div>\n<div>Oltre all&#8217;infinito \u201cclient Windows\u201d, oggi \u00e8 sempre pi\u00f9 richiesto l\u2019accesso alle <b>applicazioni gestionali tramite Browser o via Mobile<\/b> (anche con APP Android\/iOS): questo \u00e8 uno dei motivi per cui il primo <b>modulo di Webgate400<\/b> presentato <b>nella nuova release 10 \u00e8 proprio power-B<\/b>, il client Web (desktop o mobile) della suite Webgate400.<\/div>\n<div><\/div>\n<div>power-B garantisce tutta la <b>sicurezza<\/b> della piattaforma \u201cIBM i\u201d <b>anche su web<\/b>, consentendo l\u2019operativit\u00e0 dell\u2019intera soluzione gestionale, e non solo di singole specifiche applicazioni, riducendo notevolmente la necessit\u00e0 di intervento da parte del reparto di sviluppo.<\/div>\n<div>\n<p>power-B porta tutto il tuo gestionale su Mac, iOS, Windows, Linux e Android senza richiedere alcuna installazione su client n\u00e9 interventi sistemistici in fase di aggiornamento.<\/p>\n<p>power-B garantisce un accesso sicuro e veloce da tutti i browser pi\u00f9 diffusi, portando la stabilit\u00e0 e l\u2019affidabilit\u00e0 della versione client su web. In questo modo tutti i tuoi dati e applicativi IBMi sono immediatamente fruibili da qualsiasi tipo di dispositivo.<\/p>\n<\/div>\n<p>[\/et_pb_text][\/et_pb_column][et_pb_column type=&#8221;1_2&#8243; _builder_version=&#8221;4.16&#8243; custom_padding=&#8221;|||&#8221; global_colors_info=&#8221;{}&#8221; custom_padding__hover=&#8221;|||&#8221;][et_pb_image src=&#8221;https:\/\/vgsoft.it\/wp-content\/uploads\/2022\/11\/logo-power-b-middleware-768&#215;526-1.png&#8221; title_text=&#8221;logo-power-b-middleware-768&#215;526-1&#8243; align=&#8221;center&#8221; align_tablet=&#8221;center&#8221; align_phone=&#8221;&#8221; align_last_edited=&#8221;on|desktop&#8221; _builder_version=&#8221;4.19.0&#8243; global_colors_info=&#8221;{}&#8221;][\/et_pb_image][et_pb_text _builder_version=&#8221;4.17.4&#8243; _module_preset=&#8221;default&#8221; global_colors_info=&#8221;{}&#8221;]<\/p>\n<p style=\"text-align: center;\">By<\/p>\n<p>[\/et_pb_text][et_pb_image src=&#8221;https:\/\/vgsoft.it\/wp-content\/uploads\/2022\/11\/WebgateItaliaFlat.png&#8221; title_text=&#8221;WebgateItaliaFlat&#8221; align=&#8221;center&#8221; align_tablet=&#8221;center&#8221; align_phone=&#8221;&#8221; align_last_edited=&#8221;on|desktop&#8221; _builder_version=&#8221;4.19.0&#8243; width=&#8221;40%&#8221; max_width=&#8221;42%&#8221; global_colors_info=&#8221;{}&#8221;][\/et_pb_image][\/et_pb_column][\/et_pb_row][et_pb_row column_structure=&#8221;1_4,1_4,1_4,1_4&#8243; _builder_version=&#8221;4.18.1&#8243; global_colors_info=&#8221;{}&#8221;][et_pb_column type=&#8221;1_4&#8243; _builder_version=&#8221;4.16&#8243; global_colors_info=&#8221;{}&#8221;][et_pb_text _builder_version=&#8221;4.19.0&#8243; _module_preset=&#8221;default&#8221; global_colors_info=&#8221;{}&#8221;]<img loading=\"lazy\" decoding=\"async\" src=\"https:\/\/vgsoft.it\/wp-content\/uploads\/2022\/11\/power-b-novita-valorizza-dati-a-video-150x150-1.png\" width=\"150\" height=\"150\" alt=\"\" class=\"wp-image-46942 alignnone size-full\" style=\"display: block; margin-left: auto; margin-right: auto;\" \/><\/p>\n<p>&nbsp;<\/p>\n<h3 style=\"text-align: center;\"><strong style=\"font-size: 16px;\">Valorizza i dati a video<\/strong><br \/>\n<strong><\/strong><\/h3>\n<p>[\/et_pb_text][\/et_pb_column][et_pb_column type=&#8221;1_4&#8243; _builder_version=&#8221;4.18.1&#8243; _module_preset=&#8221;default&#8221; global_colors_info=&#8221;{}&#8221;][et_pb_text _builder_version=&#8221;4.19.0&#8243; _module_preset=&#8221;default&#8221; locked=&#8221;off&#8221; global_colors_info=&#8221;{}&#8221;]<img loading=\"lazy\" decoding=\"async\" src=\"https:\/\/vgsoft.it\/wp-content\/uploads\/2022\/11\/power-b-novita-gestionale-su-ogni-sistema-operativo-150x150-1.png\" width=\"150\" height=\"150\" alt=\"\" class=\"wp-image-46938 alignnone size-full\" style=\"display: block; margin-left: auto; margin-right: auto;\" \/><\/p>\n<p>&nbsp;<\/p>\n<h3 style=\"text-align: center;\"><strong style=\"font-size: 16px;\">Gestionale su ogni sistema operativo<\/strong><br \/>\n<strong><\/strong><\/h3>\n<p>[\/et_pb_text][\/et_pb_column][et_pb_column type=&#8221;1_4&#8243; _builder_version=&#8221;4.18.1&#8243; _module_preset=&#8221;default&#8221; global_colors_info=&#8221;{}&#8221;][et_pb_text _builder_version=&#8221;4.19.0&#8243; _module_preset=&#8221;default&#8221; locked=&#8221;off&#8221; global_colors_info=&#8221;{}&#8221;]<img loading=\"lazy\" decoding=\"async\" src=\"https:\/\/vgsoft.it\/wp-content\/uploads\/2022\/11\/power-b-novita-dashboard-report-immediati-150x150-1.png\" width=\"150\" height=\"150\" alt=\"\" class=\"wp-image-46937 alignnone size-full\" style=\"display: block; margin-left: auto; margin-right: auto;\" \/><\/p>\n<p>&nbsp;<\/p>\n<h3 style=\"text-align: center;\"><strong style=\"font-size: 16px;\">Dashboard e report immediati<\/strong><br \/>\n<strong><\/strong><\/h3>\n<p>[\/et_pb_text][\/et_pb_column][et_pb_column type=&#8221;1_4&#8243; _builder_version=&#8221;4.18.1&#8243; _module_preset=&#8221;default&#8221; global_colors_info=&#8221;{}&#8221;][et_pb_text _builder_version=&#8221;4.19.0&#8243; _module_preset=&#8221;default&#8221; locked=&#8221;off&#8221; global_colors_info=&#8221;{}&#8221;]<img loading=\"lazy\" decoding=\"async\" src=\"https:\/\/vgsoft.it\/wp-content\/uploads\/2022\/11\/power-b-novita-personalizzazione-estetica-150x150-1.png\" width=\"150\" height=\"150\" alt=\"\" class=\"wp-image-46940 alignnone size-full\" style=\"display: block; margin-left: auto; margin-right: auto;\" \/><\/p>\n<p>&nbsp;<\/p>\n<h3 style=\"text-align: center;\"><strong style=\"font-size: 16px;\">Personalizzazione estetica<\/strong><br \/>\n<strong><\/strong><\/h3>\n<p>[\/et_pb_text][\/et_pb_column][\/et_pb_row][et_pb_row column_structure=&#8221;1_3,1_3,1_3&#8243; _builder_version=&#8221;4.18.1&#8243; global_colors_info=&#8221;{}&#8221;][et_pb_column type=&#8221;1_3&#8243; _builder_version=&#8221;4.16&#8243; global_colors_info=&#8221;{}&#8221;][et_pb_text _builder_version=&#8221;4.19.0&#8243; _module_preset=&#8221;default&#8221; locked=&#8221;off&#8221; global_colors_info=&#8221;{}&#8221;]<img loading=\"lazy\" decoding=\"async\" src=\"https:\/\/vgsoft.it\/wp-content\/uploads\/2022\/11\/power-b-novita-nuovi-componenti-grafici-150x150-1.png\" width=\"150\" height=\"150\" alt=\"\" class=\"wp-image-46939 alignnone size-full\" style=\"display: block; margin-left: auto; margin-right: auto;\" \/><\/p>\n<p>&nbsp;<\/p>\n<h3 style=\"text-align: center;\"><strong style=\"font-size: 16px;\">Nuovi componenti grafici<\/strong><br \/>\n<strong><\/strong><\/h3>\n<p>[\/et_pb_text][\/et_pb_column][et_pb_column type=&#8221;1_3&#8243; _builder_version=&#8221;4.18.1&#8243; _module_preset=&#8221;default&#8221; global_colors_info=&#8221;{}&#8221;][et_pb_text _builder_version=&#8221;4.19.0&#8243; _module_preset=&#8221;default&#8221; locked=&#8221;off&#8221; global_colors_info=&#8221;{}&#8221;]<img loading=\"lazy\" decoding=\"async\" src=\"https:\/\/vgsoft.it\/wp-content\/uploads\/2022\/11\/power-b-novita-area-riservata-potenziata-150x150-1.png\" width=\"150\" height=\"150\" alt=\"\" class=\"wp-image-46936 alignnone size-full\" style=\"display: block; margin-left: auto; margin-right: auto;\" \/><\/p>\n<p>&nbsp;<\/p>\n<h3 style=\"text-align: center;\"><strong style=\"font-size: 16px;\">Area riservata potenziata<\/strong><br \/>\n<strong><\/strong><\/h3>\n<p>[\/et_pb_text][\/et_pb_column][et_pb_column type=&#8221;1_3&#8243; _builder_version=&#8221;4.18.1&#8243; _module_preset=&#8221;default&#8221; global_colors_info=&#8221;{}&#8221;][et_pb_text _builder_version=&#8221;4.19.0&#8243; _module_preset=&#8221;default&#8221; locked=&#8221;off&#8221; global_colors_info=&#8221;{}&#8221;]<img loading=\"lazy\" decoding=\"async\" src=\"https:\/\/vgsoft.it\/wp-content\/uploads\/2022\/11\/power-b-novita-strumenti-schermate-responsive-150x150-1.png\" width=\"150\" height=\"150\" alt=\"\" class=\"wp-image-46941 alignnone size-full\" style=\"display: block; margin-left: auto; margin-right: auto;\" \/><\/p>\n<p>&nbsp;<\/p>\n<h3 style=\"text-align: center;\"><strong style=\"font-size: 16px;\">Strumenti per schermate responsive<\/strong><br \/>\n<strong><\/strong><\/h3>\n<p>[\/et_pb_text][\/et_pb_column][\/et_pb_row][et_pb_row _builder_version=&#8221;4.19.0&#8243; _module_preset=&#8221;default&#8221; global_colors_info=&#8221;{}&#8221;][et_pb_column type=&#8221;4_4&#8243; _builder_version=&#8221;4.19.0&#8243; _module_preset=&#8221;default&#8221; global_colors_info=&#8221;{}&#8221;][et_pb_divider _builder_version=&#8221;4.19.0&#8243; _module_preset=&#8221;default&#8221; global_colors_info=&#8221;{}&#8221;][\/et_pb_divider][\/et_pb_column][\/et_pb_row][et_pb_row _builder_version=&#8221;4.19.0&#8243; _module_preset=&#8221;default&#8221; global_colors_info=&#8221;{}&#8221;][et_pb_column type=&#8221;4_4&#8243; _builder_version=&#8221;4.19.0&#8243; _module_preset=&#8221;default&#8221; global_colors_info=&#8221;{}&#8221;][et_pb_text _builder_version=&#8221;4.19.0&#8243; _module_preset=&#8221;default&#8221; text_font=&#8221;Poppins||||||||&#8221; text_font_size=&#8221;20px&#8221; global_colors_info=&#8221;{}&#8221;]<\/p>\n<p>Guarda il video realizzato durante la <span>Power Weeks di FAQ400 il 24 Giugno 2022, dove abbiamo presentato in anteprima il nuovo power-B smart responsive R10.<\/span><\/p>\n<p>[\/et_pb_text][\/et_pb_column][\/et_pb_row][et_pb_row _builder_version=&#8221;4.19.0&#8243; _module_preset=&#8221;default&#8221; global_colors_info=&#8221;{}&#8221;][et_pb_column type=&#8221;4_4&#8243; _builder_version=&#8221;4.19.0&#8243; _module_preset=&#8221;default&#8221; global_colors_info=&#8221;{}&#8221;][et_pb_video src=&#8221;https:\/\/youtu.be\/Nv7VgnE9dHc&#8221; _builder_version=&#8221;4.19.0&#8243; _module_preset=&#8221;default&#8221; global_colors_info=&#8221;{}&#8221;][\/et_pb_video][\/et_pb_column][\/et_pb_row][\/et_pb_section]<\/p>\n","protected":false},"excerpt":{"rendered":"<p>Scopri le novit\u00e0 di power-B smart responsive, il client web (desktop o mobile) della suite Webgate400.Webgate400 \u00e8 la suite pi\u00f9 diffusa in Italia per la modernizzazione delle applicazioni RPG\/COBOL su piattaforma \u201cIBM i\u201d. Questo grazie anche alla capillare rete di rivenditori che ogni giorno eroga applicazioni, ma soprattutto intere soluzioni gestionali, utilizzando le interfacce grafiche [&hellip;]<\/p>\n","protected":false},"author":1,"featured_media":0,"parent":0,"menu_order":0,"comment_status":"closed","ping_status":"closed","template":"","meta":{"_et_pb_use_builder":"on","_et_pb_old_content":"","_et_gb_content_width":"","footnotes":""},"class_list":["post-46962","page","type-page","status-publish","hentry"],"_links":{"self":[{"href":"https:\/\/vgsoft.it\/en\/wp-json\/wp\/v2\/pages\/46962","targetHints":{"allow":["GET"]}}],"collection":[{"href":"https:\/\/vgsoft.it\/en\/wp-json\/wp\/v2\/pages"}],"about":[{"href":"https:\/\/vgsoft.it\/en\/wp-json\/wp\/v2\/types\/page"}],"author":[{"embeddable":true,"href":"https:\/\/vgsoft.it\/en\/wp-json\/wp\/v2\/users\/1"}],"replies":[{"embeddable":true,"href":"https:\/\/vgsoft.it\/en\/wp-json\/wp\/v2\/comments?post=46962"}],"version-history":[{"count":10,"href":"https:\/\/vgsoft.it\/en\/wp-json\/wp\/v2\/pages\/46962\/revisions"}],"predecessor-version":[{"id":47271,"href":"https:\/\/vgsoft.it\/en\/wp-json\/wp\/v2\/pages\/46962\/revisions\/47271"}],"wp:attachment":[{"href":"https:\/\/vgsoft.it\/en\/wp-json\/wp\/v2\/media?parent=46962"}],"curies":[{"name":"wp","href":"https:\/\/api.w.org\/{rel}","templated":true}]}}