{"id":46,"date":"2019-10-30T00:09:09","date_gmt":"2019-10-29T23:09:09","guid":{"rendered":"http:\/\/localhost\/testVGSoft\/?page_id=46"},"modified":"2022-11-12T15:57:18","modified_gmt":"2022-11-12T14:57:18","slug":"chi-siamo","status":"publish","type":"page","link":"https:\/\/vgsoft.it\/en\/chi-siamo\/","title":{"rendered":"About Us"},"content":{"rendered":"<p>[et_pb_section fb_built=&#8221;1&#8243; fullwidth=&#8221;on&#8221; admin_label=&#8221;Hero Section&#8221; _builder_version=&#8221;4.16&#8243; background_image=&#8221;http:\/\/localhost\/testVGSoft\/wp-content\/uploads\/2019\/11\/LogoVGSoft_20170622_8.png&#8221; global_colors_info=&#8221;{}&#8221;][et_pb_fullwidth_header title=&#8221;Chi siamo&#8221; subhead=&#8221;Professionisti dell&#8217;IT&#8221; _builder_version=&#8221;4.19.0&#8243; custom_padding=&#8221;8%||56px|||&#8221; hover_enabled=&#8221;0&#8243; button_one_text_color_hover=&#8221;#edbb5f&#8221; button_two_text_color_hover=&#8221;#edbb5f&#8221; button_one_bg_color_hover=&#8221;rgba(0,0,0,0)&#8221; button_two_bg_color_hover=&#8221;rgba(0,0,0,0)&#8221; global_colors_info=&#8221;{}&#8221; sticky_enabled=&#8221;0&#8243; background_color=&#8221;rgba(132,132,132,0)&#8221; title_text=&#8221;LogoVGSoft_20170622_8&#8243; background_image=&#8221;https:\/\/vgsoft.it\/wp-content\/uploads\/2022\/11\/LogoVGSoft_20170622_8.png&#8221;]<\/p>\n<p><span>VGSoft Srl nasce nel 2003 e opera nel settore della consulenza informatica alle imprese oltre che alla produzione di software.<\/span><br \/><span>Il progetto nasce dalla collaborazione di tecnici con esperienza decennale su piattaforma AS\/400 &#8211; Ibm i, in ambito di Applicazioni Gestionali\/Amministrative e di Modernizzazione di software Legacy (RPG\/Cobol).<\/span><\/p>\n<p>[\/et_pb_fullwidth_header][\/et_pb_section][et_pb_section fb_built=&#8221;1&#8243; admin_label=&#8221;Attributes&#8221; _builder_version=&#8221;4.16&#8243; custom_margin=&#8221;|||&#8221; custom_padding=&#8221;79px|0px|100px|0px||&#8221; global_colors_info=&#8221;{}&#8221;][et_pb_row column_structure=&#8221;1_3,1_3,1_3&#8243; use_custom_gutter=&#8221;on&#8221; gutter_width=&#8221;1&#8243; _builder_version=&#8221;4.19.0&#8243; background_color=&#8221;#ffffff&#8221; max_width=&#8221;1440px&#8221; custom_margin=&#8221;|||&#8221; custom_padding=&#8221;27px|0px|0px|0px&#8221; box_shadow_style=&#8221;preset3&#8243; box_shadow_vertical=&#8221;15px&#8221; box_shadow_blur=&#8221;80px&#8221; box_shadow_color=&#8221;rgba(0,0,0,0.15)&#8221; use_custom_width=&#8221;on&#8221; custom_width_px=&#8221;1440px&#8221; global_colors_info=&#8221;{}&#8221;][et_pb_column type=&#8221;1_3&#8243; _builder_version=&#8221;4.19.0&#8243; custom_padding=&#8221;|||&#8221; global_colors_info=&#8221;{}&#8221; custom_padding__hover=&#8221;|||&#8221;][et_pb_text _builder_version=&#8221;4.19.0&#8243; text_font=&#8221;Poppins||||||||&#8221; text_letter_spacing=&#8221;1px&#8221; text_line_height=&#8221;2em&#8221; header_font=&#8221;||||||||&#8221; header_3_font=&#8221;|600||on|||||&#8221; header_3_line_height=&#8221;1.4em&#8221; background_color=&#8221;#ffffff&#8221; max_width=&#8221;550px&#8221; custom_margin=&#8221;||||false|false&#8221; custom_padding=&#8221;60px|40px|60px|40px&#8221; border_color_all=&#8221;rgba(51,51,51,0.06)&#8221; border_width_right=&#8221;1px&#8221; border_width_left=&#8221;1px&#8221; locked=&#8221;off&#8221; global_colors_info=&#8221;{}&#8221;]<\/p>\n<h3><span style=\"color: #edbb5f;\">01.<\/span> G&amp;A<\/h3>\n<p><span>Il punto di forza nella nostra produzione software \u00e8 la soluzione amministrativa\u00a0<\/span><a href=\"http:\/\/vgsoft.it\/index.php?option=com_content&amp;view=article&amp;id=49:g-a&amp;catid=27:g-a-2&amp;lang=it&amp;Itemid=101\" target=\"_blank\" rel=\"noopener noreferrer\"><strong>G&amp;A<\/strong><\/a>.\u00a0<span>Con\u00a0un prodotto estremamente scalabile G&amp;A dal 2003 copre tutte le esigenze contabili\/amministrative di pi\u00f9 di un centinaio di\u00a0piccole\/medie imprese\u00a0e di diverse imprese\u00a0medio\/grandi.\u00a0<\/span><\/p>\n<p>[\/et_pb_text][\/et_pb_column][et_pb_column type=&#8221;1_3&#8243; _builder_version=&#8221;4.16&#8243; custom_padding=&#8221;|||&#8221; global_colors_info=&#8221;{}&#8221; custom_padding__hover=&#8221;|||&#8221;][et_pb_text _builder_version=&#8221;4.19.0&#8243; text_font=&#8221;Poppins||||||||&#8221; text_letter_spacing=&#8221;1px&#8221; text_line_height=&#8221;2em&#8221; header_font=&#8221;||||||||&#8221; header_3_font=&#8221;|600||on|||||&#8221; header_3_line_height=&#8221;1.4em&#8221; background_color=&#8221;#ffffff&#8221; max_width=&#8221;550px&#8221; max_height=&#8221;466px&#8221; custom_margin=&#8221;0px||||false|false&#8221; custom_padding=&#8221;60px|40px|60px|40px&#8221; border_color_all=&#8221;rgba(51,51,51,0.06)&#8221; border_width_right=&#8221;1px&#8221; border_width_left=&#8221;1px&#8221; locked=&#8221;off&#8221; global_colors_info=&#8221;{}&#8221;]<\/p>\n<h3><span style=\"color: #edbb5f;\">02.<\/span> Webgate400\/Power-b<\/h3>\n<p style=\"text-align: left;\">Dal 2006\u00a0contribuiamo (insieme al principale distributore di Webgate400 per l&#8217;Italia, Edm Spa, nonch\u00e9 produttore iniziale del prodotto) allo sviluppo della rete di rivendita del middleware\u00a0Webgate400\u00a0per la modernizzazione di applicazioni RPG\/COBOL (anche Legacy) in ambiente AS\/400 &#8211; Ibm i. Oggi collaboriamo con diverse realt\u00e0 che hanno avuto l&#8217;esigenza di modernizzare i propri solidi applicativi su piattaforma Ibm i e che hanno scelta il prodotto di Modernizzazione &#8220;Leader&#8221; in italia.<\/p>\n<p>[\/et_pb_text][\/et_pb_column][et_pb_column type=&#8221;1_3&#8243; _builder_version=&#8221;4.16&#8243; custom_padding=&#8221;|||&#8221; global_colors_info=&#8221;{}&#8221; custom_padding__hover=&#8221;|||&#8221;][et_pb_text _builder_version=&#8221;4.19.0&#8243; text_font=&#8221;Poppins||||||||&#8221; text_letter_spacing=&#8221;1px&#8221; text_line_height=&#8221;2em&#8221; header_font=&#8221;||||||||&#8221; header_3_font=&#8221;|600||on|||||&#8221; header_3_line_height=&#8221;1.4em&#8221; background_color=&#8221;#ffffff&#8221; max_width=&#8221;550px&#8221; custom_margin=&#8221;0px||||false|false&#8221; custom_padding=&#8221;60px|40px|60px|40px&#8221; border_color_all=&#8221;rgba(51,51,51,0.06)&#8221; border_width_right=&#8221;1px&#8221; border_width_left=&#8221;1px&#8221; locked=&#8221;off&#8221; global_colors_info=&#8221;{}&#8221;]<\/p>\n<h3><span style=\"color: #edbb5f;\">03.<\/span> Marketing\/Commerciale<\/h3>\n<p><span>Ci affianca nella parte marketing\/commerciale Intermedia (<\/span><a href=\"http:\/\/www.intermediaonline.it\/\">www.intermediaonline.it<\/a><span>): una Agenzia Marketing e Commerciale specializzata nel campo ICT. Le principali attivit\u00e0 di Intermedia sono il marketing e le soluzioni applicative. Negli ultimi periodi la trentennale esperienza di Intermedia \u00e8 approdata al Social Media Marketing.<\/span><\/p>\n<p>[\/et_pb_text][\/et_pb_column][\/et_pb_row][\/et_pb_section][et_pb_section fb_built=&#8221;1&#8243; admin_label=&#8221;Team&#8221; _builder_version=&#8221;4.16&#8243; background_color=&#8221;#282828&#8243; custom_padding=&#8221;100px|0px|99px|0px&#8221; global_colors_info=&#8221;{}&#8221;][et_pb_row _builder_version=&#8221;4.16&#8243; custom_padding=&#8221;27px|0px|27px|0px&#8221; global_colors_info=&#8221;{}&#8221;][et_pb_column type=&#8221;4_4&#8243; _builder_version=&#8221;4.16&#8243; custom_padding=&#8221;|||&#8221; global_colors_info=&#8221;{}&#8221; custom_padding__hover=&#8221;|||&#8221;][et_pb_text _builder_version=&#8221;4.16&#8243; text_font=&#8221;||||||||&#8221; header_font=&#8221;||||||||&#8221; header_2_font=&#8221;Playfair Display|700|||||||&#8221; header_2_font_size=&#8221;38px&#8221; header_2_letter_spacing=&#8221;1px&#8221; header_2_line_height=&#8221;1.4em&#8221; header_3_font=&#8221;Poppins|700||on|||||&#8221; header_3_text_color=&#8221;#edbb5f&#8221; header_3_font_size=&#8221;14px&#8221; header_3_letter_spacing=&#8221;1px&#8221; header_3_line_height=&#8221;2em&#8221; text_orientation=&#8221;center&#8221; background_layout=&#8221;dark&#8221; max_width=&#8221;7000px&#8221; locked=&#8221;off&#8221; global_colors_info=&#8221;{}&#8221;]<\/p>\n<h2>Partner Program<\/h2>\n<p>[\/et_pb_text][et_pb_divider color=&#8221;#edbb5f&#8221; divider_weight=&#8221;2px&#8221; _builder_version=&#8221;4.16&#8243; max_width=&#8221;60px&#8221; module_alignment=&#8221;center&#8221; height=&#8221;2px&#8221; locked=&#8221;off&#8221; global_colors_info=&#8221;{}&#8221;][\/et_pb_divider][\/et_pb_column][\/et_pb_row][et_pb_row _builder_version=&#8221;4.16&#8243; global_colors_info=&#8221;{}&#8221;][et_pb_column type=&#8221;4_4&#8243; _builder_version=&#8221;4.16&#8243; custom_padding=&#8221;|||&#8221; global_colors_info=&#8221;{}&#8221; custom_padding__hover=&#8221;|||&#8221;][et_pb_image src=&#8221;https:\/\/vgsoft.it\/wp-content\/uploads\/2022\/11\/PartnerProgram.jpg&#8221; title_text=&#8221;PartnerProgram&#8221; align=&#8221;center&#8221; force_fullwidth=&#8221;on&#8221; _builder_version=&#8221;4.19.0&#8243; global_colors_info=&#8221;{}&#8221;][\/et_pb_image][\/et_pb_column][\/et_pb_row][et_pb_row _builder_version=&#8221;4.16&#8243; custom_padding=&#8221;27px|0px|27px|0px&#8221; global_colors_info=&#8221;{}&#8221;][et_pb_column type=&#8221;4_4&#8243; _builder_version=&#8221;4.16&#8243; custom_padding=&#8221;|||&#8221; global_colors_info=&#8221;{}&#8221; custom_padding__hover=&#8221;|||&#8221;][et_pb_text _builder_version=&#8221;4.16&#8243; text_font=&#8221;||||||||&#8221; header_font=&#8221;||||||||&#8221; header_2_font=&#8221;Playfair Display|700|||||||&#8221; header_2_font_size=&#8221;38px&#8221; header_2_letter_spacing=&#8221;1px&#8221; header_2_line_height=&#8221;1.4em&#8221; header_3_font=&#8221;Poppins|700||on|||||&#8221; header_3_text_color=&#8221;#edbb5f&#8221; header_3_font_size=&#8221;14px&#8221; header_3_letter_spacing=&#8221;1px&#8221; header_3_line_height=&#8221;2em&#8221; text_orientation=&#8221;center&#8221; background_layout=&#8221;dark&#8221; max_width=&#8221;7000px&#8221; locked=&#8221;off&#8221; global_colors_info=&#8221;{}&#8221;]<\/p>\n<h2><span>VGSoft\u00a0<strong>cerca partner o rivenditori\u00a0<\/strong><\/span><span>orientati verso\u00a0la piattaforma AS\/400 &#8211; Ibm i.<\/span><\/h2>\n<p>[\/et_pb_text][et_pb_divider color=&#8221;#edbb5f&#8221; divider_weight=&#8221;2px&#8221; _builder_version=&#8221;4.16&#8243; max_width=&#8221;60px&#8221; module_alignment=&#8221;center&#8221; height=&#8221;2px&#8221; locked=&#8221;off&#8221; global_colors_info=&#8221;{}&#8221;][\/et_pb_divider][\/et_pb_column][\/et_pb_row][et_pb_row _builder_version=&#8221;4.16&#8243; custom_margin=&#8221;|||&#8221; custom_padding=&#8221;|||&#8221; custom_width_px=&#8221;1440px&#8221; global_colors_info=&#8221;{}&#8221;][et_pb_column type=&#8221;4_4&#8243; _builder_version=&#8221;4.16&#8243; custom_padding=&#8221;|||&#8221; global_colors_info=&#8221;{}&#8221; custom_padding__hover=&#8221;|||&#8221;][et_pb_text _builder_version=&#8221;4.16&#8243; text_font=&#8221;||||||||&#8221; text_text_color=&#8221;#ffffff&#8221; text_font_size=&#8221;18px&#8221; text_line_height=&#8221;2em&#8221; header_text_color=&#8221;#edbb5f&#8221; header_font_size=&#8221;44px&#8221; min_height=&#8221;209px&#8221; custom_padding=&#8221;20px|||||&#8221; global_colors_info=&#8221;{}&#8221;]<\/p>\n<h1>WEBGATE400\/Power-b<\/h1>\n<p>Quali sono i partner che cerchiamo per Webgate400\/Power-b:<\/p>\n<ul>\n<li>Software House\/Consulenti che hanno soluzioni software proprietarie (RPG\/COBOL e &#8220;green screen&#8221;) e che vogliono (o sono costretti dal mercato) modernizzarle. Il compito di VGSoft in questo caso \u00e8 di avvicinare queste realt\u00e0 alla suite Webgate400 e ritornare competitivi anche con il mondo Open.<\/li>\n<li>Software House, System Integrator o Consulenti che non hanno soluzioni software proprietarie ma che lavorano direttamente presso i clienti (ad es. a progetto\/commessa, su software di terzi o di propriet\u00e0 dei clienti stessi) e che intravedono in Webgate400 la possibilit\u00e0 di soddisfare maggiormente le aspettative del cliente e, nel contempo, di crearsi pi\u00f9 lavoro.<\/li>\n<\/ul>\n<p>[\/et_pb_text][\/et_pb_column][\/et_pb_row][et_pb_row _builder_version=&#8221;4.16&#8243; custom_margin=&#8221;|||&#8221; custom_padding=&#8221;|||&#8221; custom_width_px=&#8221;1440px&#8221; global_colors_info=&#8221;{}&#8221;][et_pb_column type=&#8221;4_4&#8243; _builder_version=&#8221;4.16&#8243; custom_padding=&#8221;|||&#8221; global_colors_info=&#8221;{}&#8221; custom_padding__hover=&#8221;|||&#8221;][et_pb_text _builder_version=&#8221;4.16&#8243; text_text_color=&#8221;#ffffff&#8221; text_font_size=&#8221;18px&#8221; text_line_height=&#8221;1.6em&#8221; header_text_color=&#8221;#edbb5f&#8221; header_font_size=&#8221;40px&#8221; min_height=&#8221;209px&#8221; custom_padding=&#8221;20px|||||&#8221; global_colors_info=&#8221;{}&#8221;]<\/p>\n<h1><span>G&amp;A<\/span><\/h1>\n<p><span>VGSoft cerca partnership con Software House o Consulenti che hanno una soluzione gestionale (general o verticale, proprietaria o di terzi) ma\u00a0<strong>non hanno un modulo contabile proprietario<\/strong>\u00a0(o, anche se di terzi, di cui hanno il controllo). Sono quindi realt\u00e0 che per la parte contabile nel tempo hanno adottato prodotti anche molto diffusi (ad es.\u00a0la Contabilit\u00e0\u00a0ACG<sup>(r)<\/sup>, ma\u00a0l&#8217;elenco \u00e8 lungo)\u00a0e oggi, anche per proteggere il cliente da intrusioni di grossi produttori di software, hanno bisogno di un prodotto contabile altrettanto valido (o per certi aspetti anche\u00a0pi\u00f9 valido) che gli garantisca di concentrarsi sulla\u00a0propria soluzione gestionale (e nei rapporti con il cliente) senza rischi di interferenze esterne.<\/span><\/p>\n<p><span>Questi Partner\u00a0fondamentalmente possono essere\u00a0classificati\u00a0in due macro categorie:<\/span><\/p>\n<ul>\n<li><span>Partner\u00a0che non ha\u00a0in casa la competenza per assistere direttamente i clienti contabili e non vuole (o non pu\u00f2) crearsela: VGSoft oltre al prodotto contabile G&amp;A\u00a0offre anche una consulenza a\u00a0tutto tondo\u00a0nell&#8217;ambito contabile e si dimostra un partner non invasivo ma qualificato con un&#8217;esperienza ultra ventennale in materia. Il Partner continua ad essere l&#8217;attore principale con i propri clienti. VGSoft pu\u00f2 fornire direttamente ai clienti\u00a0seguiti dal\u00a0Partner:<\/span>\n<ul>\n<li><span>il prodotto contabile G&amp;A<\/span><\/li>\n<li><span>la migrazione dei dati dal precedente applicativo (anagrafiche, movimenti contabili, iva, portafoglio effetti, pagamenti, ecc.)<\/span><\/li>\n<li><span>la formazione\u00a0agli utenti<\/span><\/li>\n<li><span>l&#8217;assistenza di primo e secondo livello (attraverso il suo Help-Desk e con il rapporto diretto con i responsabili di progetto)<\/span><\/li>\n<li><span>l&#8217;assistenza tecnico-normativa<\/span><\/li>\n<li><span>le modifiche (personalizzazioni) in base alle esigenze maturate del cliente.<\/span><\/li>\n<li><span>tutte le implementazioni per le modifiche normative che riguardano\u00a0il software contabilite G&amp;A<\/span><\/li>\n<\/ul>\n<\/li>\n<li><span>Partner che invece hanno la competenza per assistere direttamente i clienti contabili e vogliono risultare come unico fornitore del cliente in ambito gestionale e contabile.<br \/> VGSoft\u00a0avr\u00e0 rapporti diretti con i clienti seguiti dal Partner (se non su richiesta espressa del Partner stesso).<br \/> VGSoft\u00a0fornir\u00e0 al partner:<\/span>\n<ul>\n<li><span>il prodotto contabile G&amp;A, sia ad uso interno che da distribuire<\/span><\/li>\n<li><span>la\u00a0formazione al personale del partner che effettuer\u00e0 l&#8217;assistenza<\/span><\/li>\n<li><span>l&#8217;assistenza di secondo\u00a0livello e, nel caso in cui ce ne fosse il bisogno, anche un assistenza di terzo livello direttamente al cliente.<\/span><\/li>\n<\/ul>\n<\/li>\n<\/ul>\n<p><span>VGSoft e il Partner\u00a0creeranno tutte le interfacce necessarie ad uniformare il pi\u00f9 possibile la procedura contabile con quella gestionale (angrafiche, tabelle, conti, ecc.).<\/span><\/p>\n<p>[\/et_pb_text][\/et_pb_column][\/et_pb_row][et_pb_row _builder_version=&#8221;4.16&#8243; global_colors_info=&#8221;{}&#8221;][et_pb_column type=&#8221;4_4&#8243; _builder_version=&#8221;4.16&#8243; global_colors_info=&#8221;{}&#8221;][et_pb_button button_url=&#8221;@ET-DC@eyJkeW5hbWljIjp0cnVlLCJjb250ZW50IjoicG9zdF9saW5rX3VybF9wYWdlIiwic2V0dGluZ3MiOnsicG9zdF9pZCI6Ijg3In19@&#8221; button_text=&#8221;Contatta VGSoft!&#8221; button_alignment=&#8221;center&#8221; _builder_version=&#8221;4.16&#8243; _dynamic_attributes=&#8221;button_url&#8221; custom_button=&#8221;on&#8221; button_text_size=&#8221;59px&#8221; button_text_color=&#8221;#ffffff&#8221; global_colors_info=&#8221;{}&#8221;][\/et_pb_button][\/et_pb_column][\/et_pb_row][\/et_pb_section][et_pb_section fb_built=&#8221;1&#8243; admin_label=&#8221;Contact&#8221; _builder_version=&#8221;4.16&#8243; background_image=&#8221;http:\/\/localhost\/testVGSoft\/wp-content\/uploads\/2019\/11\/consutant-03.jpg&#8221; custom_margin=&#8221;|||&#8221; custom_padding=&#8221;0px|0px|0px|0px&#8221; box_shadow_style=&#8221;preset7&#8243; box_shadow_horizontal=&#8221;0px&#8221; box_shadow_vertical=&#8221;80px&#8221; box_shadow_color=&#8221;#ffffff&#8221; global_colors_info=&#8221;{}&#8221;][\/et_pb_section]<\/p>\n","protected":false},"excerpt":{"rendered":"<p>VGSoft Srl nasce nel 2003 e opera nel settore della consulenza informatica alle imprese oltre che alla produzione di software.Il progetto nasce dalla collaborazione di tecnici con esperienza decennale su piattaforma AS\/400 &#8211; Ibm i, in ambito di Applicazioni Gestionali\/Amministrative e di Modernizzazione di software Legacy (RPG\/Cobol).01. G&amp;A Il punto di forza nella nostra produzione [&hellip;]<\/p>\n","protected":false},"author":1,"featured_media":0,"parent":0,"menu_order":0,"comment_status":"closed","ping_status":"closed","template":"","meta":{"_et_pb_use_builder":"on","_et_pb_old_content":"<!-- wp:heading -->\n<h2>Professionisti dell'IT<\/h2>\n<!-- \/wp:heading -->\n\n<!-- wp:heading {\"level\":3} -->\n<h3>SOFTWARE HOUSE (G&amp;A)<\/h3>\n<!-- \/wp:heading -->\n\n<!-- wp:paragraph -->\n<p>VGSoft Srl nasce nel 2003 e opera nel settore della consulenza informatica alle imprese oltre che alla produzione di software.<br> Il progetto nasce dalla collaborazione di tecnici con esperienza decennale su piattaforma AS\/400 - iSeries - Ibm i, e in ambito di applicazioni gestionali e amministrative.<\/p>\n<!-- \/wp:paragraph -->\n\n<!-- wp:paragraph -->\n<p>\n\nIl punto di forza nella produzione del software \u00e8 una soluzione amministrativa G&amp;A completa che, con un prodotto estremamente scalabile, dal 2003 copre tutte le esigenze di pi\u00f9 di un centinaio di piccole\/medie imprese e di diverse imprese medio\/grandi.\n\n<\/p>\n<!-- \/wp:paragraph -->\n\n<!-- wp:heading {\"level\":3} -->\n<h3>CONSULTING<\/h3>\n<!-- \/wp:heading -->\n\n<!-- wp:paragraph -->\n<p>Dal 2006 abbiamo contribuito alla creazione della rete di rivendita del middleware Webgate400 per la modernizzazione di applicazioni RPG\/COBOL (anche Legacy) in ambiente AS\/400 - iSeries - Ibm i. Oggi seguiamo insieme ad uno dei due distributori Webgate400 per l'Italia (Edm Spa: www.edm.it), nonch\u00e8 produttore iniziale del prodotto, diverse realt\u00e0 che come noi hanno avuto l'esigenza di modernizzare i propri solidi applicativi su piattaforma Ibm i e che hanno scelta il prodotto \"Leader\" in italia: Webgate400.<\/p>\n<!-- \/wp:paragraph -->\n\n<!-- wp:paragraph -->\n<p>\n\nCi affianca nella parte marketing\/commerciale Intermedia (www.intermediaonline.it): una Agenzia Marketing e Commerciale specializzata nel campo ICT. Le principali attivit\u00e0 di Intermedia sono il marketing e le soluzioni applicative. Negli ultimi periodi la trentennale esperienza di Intermedia \u00e8 approdata al Social Media Marketing.\n\n<\/p>\n<!-- \/wp:paragraph -->","_et_gb_content_width":"","footnotes":""},"class_list":["post-46","page","type-page","status-publish","hentry"],"_links":{"self":[{"href":"https:\/\/vgsoft.it\/en\/wp-json\/wp\/v2\/pages\/46","targetHints":{"allow":["GET"]}}],"collection":[{"href":"https:\/\/vgsoft.it\/en\/wp-json\/wp\/v2\/pages"}],"about":[{"href":"https:\/\/vgsoft.it\/en\/wp-json\/wp\/v2\/types\/page"}],"author":[{"embeddable":true,"href":"https:\/\/vgsoft.it\/en\/wp-json\/wp\/v2\/users\/1"}],"replies":[{"embeddable":true,"href":"https:\/\/vgsoft.it\/en\/wp-json\/wp\/v2\/comments?post=46"}],"version-history":[{"count":5,"href":"https:\/\/vgsoft.it\/en\/wp-json\/wp\/v2\/pages\/46\/revisions"}],"predecessor-version":[{"id":47143,"href":"https:\/\/vgsoft.it\/en\/wp-json\/wp\/v2\/pages\/46\/revisions\/47143"}],"wp:attachment":[{"href":"https:\/\/vgsoft.it\/en\/wp-json\/wp\/v2\/media?parent=46"}],"curies":[{"name":"wp","href":"https:\/\/api.w.org\/{rel}","templated":true}]}}